{"id":14,"date":"2023-03-27T19:11:32","date_gmt":"2023-03-27T17:11:32","guid":{"rendered":"https:\/\/rochefortcuristes.fr\/?page_id=14"},"modified":"2024-10-27T12:23:40","modified_gmt":"2024-10-27T11:23:40","slug":"photos","status":"publish","type":"page","link":"https:\/\/rochefortcuristes.fr\/index.php\/photos\/","title":{"rendered":"Photos"},"content":{"rendered":"\t\t<div data-elementor-type=\"wp-page\" data-elementor-id=\"14\" class=\"elementor elementor-14\" data-elementor-post-type=\"page\">\n\t\t\t\t<div class=\"elementor-element elementor-element-0ecc6da e-flex e-con-boxed e-con e-parent\" data-id=\"0ecc6da\" data-element_type=\"container\">\n\t\t\t\t\t<div class=\"e-con-inner\">\n\t\t\t\t<div class=\"elementor-element elementor-element-7efc90f elementor-widget elementor-widget-heading\" data-id=\"7efc90f\" data-element_type=\"widget\" data-widget_type=\"heading.default\">\n\t\t\t\t<div class=\"elementor-widget-container\">\n\t\t\t\t\t<h2 class=\"elementor-heading-title elementor-size-default\">Appartement meubl\u00e9<\/h2>\t\t\t\t<\/div>\n\t\t\t\t<\/div>\n\t\t\t\t\t<\/div>\n\t\t\t\t<\/div>\n\t\t<div class=\"elementor-element elementor-element-1b2bd22 e-flex e-con-boxed e-con e-parent\" data-id=\"1b2bd22\" data-element_type=\"container\">\n\t\t\t\t\t<div class=\"e-con-inner\">\n\t\t\t\t<div class=\"elementor-element elementor-element-8664ddd elementor-widget elementor-widget-gallery\" data-id=\"8664ddd\" data-element_type=\"widget\" data-settings=\"{&quot;lazyload&quot;:&quot;yes&quot;,&quot;gallery_layout&quot;:&quot;grid&quot;,&quot;columns&quot;:4,&quot;columns_tablet&quot;:2,&quot;columns_mobile&quot;:1,&quot;gap&quot;:{&quot;unit&quot;:&quot;px&quot;,&quot;size&quot;:10,&quot;sizes&quot;:[]},&quot;gap_tablet&quot;:{&quot;unit&quot;:&quot;px&quot;,&quot;size&quot;:10,&quot;sizes&quot;:[]},&quot;gap_mobile&quot;:{&quot;unit&quot;:&quot;px&quot;,&quot;size&quot;:10,&quot;sizes&quot;:[]},&quot;link_to&quot;:&quot;file&quot;,&quot;aspect_ratio&quot;:&quot;3:2&quot;,&quot;overlay_background&quot;:&quot;yes&quot;,&quot;content_hover_animation&quot;:&quot;fade-in&quot;}\" data-widget_type=\"gallery.default\">\n\t\t\t\t<div class=\"elementor-widget-container\">\n\t\t\t\t\t\t\t<div class=\"elementor-gallery__container\">\n\t\t\t\t\t\t\t<a class=\"e-gallery-item elementor-gallery-item elementor-animated-content\" href=\"https:\/\/rochefortcuristes.fr\/wp-content\/uploads\/2023\/04\/IMG_20230311_135136.webp\" data-elementor-open-lightbox=\"yes\" data-elementor-lightbox-slideshow=\"8664ddd\" data-elementor-lightbox-title=\"IMG_20230311_135136\" data-e-action-hash=\"#elementor-action%3Aaction%3Dlightbox%26settings%3DeyJpZCI6Mjk4LCJ1cmwiOiJodHRwczpcL1wvcm9jaGVmb3J0Y3VyaXN0ZXMuZnJcL3dwLWNvbnRlbnRcL3VwbG9hZHNcLzIwMjNcLzA0XC9JTUdfMjAyMzAzMTFfMTM1MTM2LndlYnAiLCJzbGlkZXNob3ciOiI4NjY0ZGRkIn0%3D\">\n\t\t\t\t\t<div class=\"e-gallery-image elementor-gallery-item__image\" data-thumbnail=\"https:\/\/rochefortcuristes.fr\/wp-content\/uploads\/2023\/04\/IMG_20230311_135136.webp\" data-width=\"300\" data-height=\"135\" aria-label=\"\" role=\"img\" ><\/div>\n\t\t\t\t\t\t\t\t\t\t\t<div class=\"elementor-gallery-item__overlay\"><\/div>\n\t\t\t\t\t\t\t\t\t\t\t\t\t\t<\/a>\n\t\t\t\t\t\t\t<a class=\"e-gallery-item elementor-gallery-item elementor-animated-content\" href=\"https:\/\/rochefortcuristes.fr\/wp-content\/uploads\/2023\/04\/GOPR0079.webp\" data-elementor-open-lightbox=\"yes\" data-elementor-lightbox-slideshow=\"8664ddd\" data-elementor-lightbox-title=\"DCIM100GOPROGOPR0079.\" data-e-action-hash=\"#elementor-action%3Aaction%3Dlightbox%26settings%3DeyJpZCI6Mjg5LCJ1cmwiOiJodHRwczpcL1wvcm9jaGVmb3J0Y3VyaXN0ZXMuZnJcL3dwLWNvbnRlbnRcL3VwbG9hZHNcLzIwMjNcLzA0XC9HT1BSMDA3OS53ZWJwIiwic2xpZGVzaG93IjoiODY2NGRkZCJ9\">\n\t\t\t\t\t<div class=\"e-gallery-image elementor-gallery-item__image\" data-thumbnail=\"https:\/\/rochefortcuristes.fr\/wp-content\/uploads\/2023\/04\/GOPR0079.webp\" data-width=\"300\" data-height=\"225\" aria-label=\"\" role=\"img\" ><\/div>\n\t\t\t\t\t\t\t\t\t\t\t<div class=\"elementor-gallery-item__overlay\"><\/div>\n\t\t\t\t\t\t\t\t\t\t\t\t\t\t<\/a>\n\t\t\t\t\t\t\t<a class=\"e-gallery-item elementor-gallery-item elementor-animated-content\" href=\"https:\/\/rochefortcuristes.fr\/wp-content\/uploads\/2023\/04\/2020_03_07_154112-lits-ile-d-oleron.webp\" data-elementor-open-lightbox=\"yes\" data-elementor-lightbox-slideshow=\"8664ddd\" data-elementor-lightbox-title=\"2020_03_07_154112 lits ile d-oleron\" data-e-action-hash=\"#elementor-action%3Aaction%3Dlightbox%26settings%3DeyJpZCI6Mjc3LCJ1cmwiOiJodHRwczpcL1wvcm9jaGVmb3J0Y3VyaXN0ZXMuZnJcL3dwLWNvbnRlbnRcL3VwbG9hZHNcLzIwMjNcLzA0XC8yMDIwXzAzXzA3XzE1NDExMi1saXRzLWlsZS1kLW9sZXJvbi53ZWJwIiwic2xpZGVzaG93IjoiODY2NGRkZCJ9\">\n\t\t\t\t\t<div class=\"e-gallery-image elementor-gallery-item__image\" data-thumbnail=\"https:\/\/rochefortcuristes.fr\/wp-content\/uploads\/2023\/04\/2020_03_07_154112-lits-ile-d-oleron.webp\" data-width=\"225\" data-height=\"300\" aria-label=\"\" role=\"img\" ><\/div>\n\t\t\t\t\t\t\t\t\t\t\t<div class=\"elementor-gallery-item__overlay\"><\/div>\n\t\t\t\t\t\t\t\t\t\t\t\t\t\t<\/a>\n\t\t\t\t\t\t\t<a class=\"e-gallery-item elementor-gallery-item elementor-animated-content\" href=\"https:\/\/rochefortcuristes.fr\/wp-content\/uploads\/2023\/04\/06-DSC_0108.webp\" data-elementor-open-lightbox=\"yes\" data-elementor-lightbox-slideshow=\"8664ddd\" data-elementor-lightbox-title=\"06 DSC_0108\" data-e-action-hash=\"#elementor-action%3Aaction%3Dlightbox%26settings%3DeyJpZCI6MjY2LCJ1cmwiOiJodHRwczpcL1wvcm9jaGVmb3J0Y3VyaXN0ZXMuZnJcL3dwLWNvbnRlbnRcL3VwbG9hZHNcLzIwMjNcLzA0XC8wNi1EU0NfMDEwOC53ZWJwIiwic2xpZGVzaG93IjoiODY2NGRkZCJ9\">\n\t\t\t\t\t<div class=\"e-gallery-image elementor-gallery-item__image\" data-thumbnail=\"https:\/\/rochefortcuristes.fr\/wp-content\/uploads\/2023\/04\/06-DSC_0108.webp\" data-width=\"300\" data-height=\"225\" aria-label=\"\" role=\"img\" ><\/div>\n\t\t\t\t\t\t\t\t\t\t\t<div class=\"elementor-gallery-item__overlay\"><\/div>\n\t\t\t\t\t\t\t\t\t\t\t\t\t\t<\/a>\n\t\t\t\t\t\t\t<a class=\"e-gallery-item elementor-gallery-item elementor-animated-content\" href=\"https:\/\/rochefortcuristes.fr\/wp-content\/uploads\/2023\/04\/GOPR0076.webp\" data-elementor-open-lightbox=\"yes\" data-elementor-lightbox-slideshow=\"8664ddd\" data-elementor-lightbox-title=\"DCIM100GOPROGOPR0076.\" data-e-action-hash=\"#elementor-action%3Aaction%3Dlightbox%26settings%3DeyJpZCI6Mjg2LCJ1cmwiOiJodHRwczpcL1wvcm9jaGVmb3J0Y3VyaXN0ZXMuZnJcL3dwLWNvbnRlbnRcL3VwbG9hZHNcLzIwMjNcLzA0XC9HT1BSMDA3Ni53ZWJwIiwic2xpZGVzaG93IjoiODY2NGRkZCJ9\">\n\t\t\t\t\t<div class=\"e-gallery-image elementor-gallery-item__image\" data-thumbnail=\"https:\/\/rochefortcuristes.fr\/wp-content\/uploads\/2023\/04\/GOPR0076.webp\" data-width=\"300\" data-height=\"225\" aria-label=\"\" role=\"img\" ><\/div>\n\t\t\t\t\t\t\t\t\t\t\t<div class=\"elementor-gallery-item__overlay\"><\/div>\n\t\t\t\t\t\t\t\t\t\t\t\t\t\t<\/a>\n\t\t\t\t\t\t\t<a class=\"e-gallery-item elementor-gallery-item elementor-animated-content\" href=\"https:\/\/rochefortcuristes.fr\/wp-content\/uploads\/2023\/04\/GOPR0074.webp\" data-elementor-open-lightbox=\"yes\" data-elementor-lightbox-slideshow=\"8664ddd\" data-elementor-lightbox-title=\"DCIM100GOPROGOPR0074.\" data-e-action-hash=\"#elementor-action%3Aaction%3Dlightbox%26settings%3DeyJpZCI6Mjg0LCJ1cmwiOiJodHRwczpcL1wvcm9jaGVmb3J0Y3VyaXN0ZXMuZnJcL3dwLWNvbnRlbnRcL3VwbG9hZHNcLzIwMjNcLzA0XC9HT1BSMDA3NC53ZWJwIiwic2xpZGVzaG93IjoiODY2NGRkZCJ9\">\n\t\t\t\t\t<div class=\"e-gallery-image elementor-gallery-item__image\" data-thumbnail=\"https:\/\/rochefortcuristes.fr\/wp-content\/uploads\/2023\/04\/GOPR0074.webp\" data-width=\"300\" data-height=\"225\" aria-label=\"\" role=\"img\" ><\/div>\n\t\t\t\t\t\t\t\t\t\t\t<div class=\"elementor-gallery-item__overlay\"><\/div>\n\t\t\t\t\t\t\t\t\t\t\t\t\t\t<\/a>\n\t\t\t\t\t\t\t<a class=\"e-gallery-item elementor-gallery-item elementor-animated-content\" href=\"https:\/\/rochefortcuristes.fr\/wp-content\/uploads\/2023\/04\/IMG_20230311_134445.webp\" data-elementor-open-lightbox=\"yes\" data-elementor-lightbox-slideshow=\"8664ddd\" data-elementor-lightbox-title=\"IMG_20230311_134445\" data-e-action-hash=\"#elementor-action%3Aaction%3Dlightbox%26settings%3DeyJpZCI6Mjk1LCJ1cmwiOiJodHRwczpcL1wvcm9jaGVmb3J0Y3VyaXN0ZXMuZnJcL3dwLWNvbnRlbnRcL3VwbG9hZHNcLzIwMjNcLzA0XC9JTUdfMjAyMzAzMTFfMTM0NDQ1LndlYnAiLCJzbGlkZXNob3ciOiI4NjY0ZGRkIn0%3D\">\n\t\t\t\t\t<div class=\"e-gallery-image elementor-gallery-item__image\" data-thumbnail=\"https:\/\/rochefortcuristes.fr\/wp-content\/uploads\/2023\/04\/IMG_20230311_134445.webp\" data-width=\"300\" data-height=\"135\" aria-label=\"\" role=\"img\" ><\/div>\n\t\t\t\t\t\t\t\t\t\t\t<div class=\"elementor-gallery-item__overlay\"><\/div>\n\t\t\t\t\t\t\t\t\t\t\t\t\t\t<\/a>\n\t\t\t\t\t\t\t<a class=\"e-gallery-item elementor-gallery-item elementor-animated-content\" href=\"https:\/\/rochefortcuristes.fr\/wp-content\/uploads\/2023\/04\/IMG_20230311_134518.webp\" data-elementor-open-lightbox=\"yes\" data-elementor-lightbox-slideshow=\"8664ddd\" data-elementor-lightbox-title=\"IMG_20230311_134518\" data-e-action-hash=\"#elementor-action%3Aaction%3Dlightbox%26settings%3DeyJpZCI6Mjk3LCJ1cmwiOiJodHRwczpcL1wvcm9jaGVmb3J0Y3VyaXN0ZXMuZnJcL3dwLWNvbnRlbnRcL3VwbG9hZHNcLzIwMjNcLzA0XC9JTUdfMjAyMzAzMTFfMTM0NTE4LndlYnAiLCJzbGlkZXNob3ciOiI4NjY0ZGRkIn0%3D\">\n\t\t\t\t\t<div class=\"e-gallery-image elementor-gallery-item__image\" data-thumbnail=\"https:\/\/rochefortcuristes.fr\/wp-content\/uploads\/2023\/04\/IMG_20230311_134518.webp\" data-width=\"300\" data-height=\"135\" aria-label=\"\" role=\"img\" ><\/div>\n\t\t\t\t\t\t\t\t\t\t\t<div class=\"elementor-gallery-item__overlay\"><\/div>\n\t\t\t\t\t\t\t\t\t\t\t\t\t\t<\/a>\n\t\t\t\t\t\t\t<a class=\"e-gallery-item elementor-gallery-item elementor-animated-content\" href=\"https:\/\/rochefortcuristes.fr\/wp-content\/uploads\/2023\/04\/IMG_20230311_134422.webp\" data-elementor-open-lightbox=\"yes\" data-elementor-lightbox-slideshow=\"8664ddd\" data-elementor-lightbox-title=\"IMG_20230311_134422\" data-e-action-hash=\"#elementor-action%3Aaction%3Dlightbox%26settings%3DeyJpZCI6MjkyLCJ1cmwiOiJodHRwczpcL1wvcm9jaGVmb3J0Y3VyaXN0ZXMuZnJcL3dwLWNvbnRlbnRcL3VwbG9hZHNcLzIwMjNcLzA0XC9JTUdfMjAyMzAzMTFfMTM0NDIyLndlYnAiLCJzbGlkZXNob3ciOiI4NjY0ZGRkIn0%3D\">\n\t\t\t\t\t<div class=\"e-gallery-image elementor-gallery-item__image\" data-thumbnail=\"https:\/\/rochefortcuristes.fr\/wp-content\/uploads\/2023\/04\/IMG_20230311_134422.webp\" data-width=\"300\" data-height=\"135\" aria-label=\"\" role=\"img\" ><\/div>\n\t\t\t\t\t\t\t\t\t\t\t<div class=\"elementor-gallery-item__overlay\"><\/div>\n\t\t\t\t\t\t\t\t\t\t\t\t\t\t<\/a>\n\t\t\t\t\t\t\t<a class=\"e-gallery-item elementor-gallery-item elementor-animated-content\" href=\"https:\/\/rochefortcuristes.fr\/wp-content\/uploads\/2023\/04\/05-DSC_0364.webp\" data-elementor-open-lightbox=\"yes\" data-elementor-lightbox-slideshow=\"8664ddd\" data-elementor-lightbox-title=\"05 DSC_0364\" data-e-action-hash=\"#elementor-action%3Aaction%3Dlightbox%26settings%3DeyJpZCI6MjY0LCJ1cmwiOiJodHRwczpcL1wvcm9jaGVmb3J0Y3VyaXN0ZXMuZnJcL3dwLWNvbnRlbnRcL3VwbG9hZHNcLzIwMjNcLzA0XC8wNS1EU0NfMDM2NC53ZWJwIiwic2xpZGVzaG93IjoiODY2NGRkZCJ9\">\n\t\t\t\t\t<div class=\"e-gallery-image elementor-gallery-item__image\" data-thumbnail=\"https:\/\/rochefortcuristes.fr\/wp-content\/uploads\/2023\/04\/05-DSC_0364.webp\" data-width=\"300\" data-height=\"225\" aria-label=\"\" role=\"img\" ><\/div>\n\t\t\t\t\t\t\t\t\t\t\t<div class=\"elementor-gallery-item__overlay\"><\/div>\n\t\t\t\t\t\t\t\t\t\t\t\t\t\t<\/a>\n\t\t\t\t\t<\/div>\n\t\t\t\t\t<\/div>\n\t\t\t\t<\/div>\n\t\t\t\t\t<\/div>\n\t\t\t\t<\/div>\n\t\t<div class=\"elementor-element elementor-element-6d9c66a e-flex e-con-boxed e-con e-parent\" data-id=\"6d9c66a\" data-element_type=\"container\">\n\t\t\t\t\t<div class=\"e-con-inner\">\n\t\t\t\t<div class=\"elementor-element elementor-element-f8312be elementor-widget elementor-widget-text-editor\" data-id=\"f8312be\" data-element_type=\"widget\" data-widget_type=\"text-editor.default\">\n\t\t\t\t<div class=\"elementor-widget-container\">\n\t\t\t\t\t\t\t\t\t<p>Appartement T1bis de 36 m2 en RDC, situ\u00e9 \u00e0 5 min \u00e0 pied des Thermes,\u00a0\u00e0 5 min de la Place Colbert et des commerces, avec entr\u00e9e s\u00e9curis\u00e9, portier.<br \/>Cet appartement est tr\u00e8s agr\u00e9able \u00e0 vivre et tr\u00e8s lumineux (exposition ouest), avec double vitrage et volets anciens en bois, WIFI.<\/p><p>Il comprend :<br \/>une entr\u00e9e avec placard, une pi\u00e8ce de vie et une chambre ouverte, une salle d&rsquo;eau\/WC.<br \/>Chauffage et chauffe-eau \u00e9lectriques.<\/p><p>Une cuisine am\u00e9nag\u00e9e\u00a0 avec \u00e9lectro-m\u00e9nager complet : mini four, \u00e9lectrique, four micro-onde, plaque vitro-c\u00e9ramique neuve 3 feux, hotte, r\u00e9frig\u00e9rateur\/cong\u00e9lateur, cafeti\u00e8re, grille-pain, vaisselle pour 4 personnes.<br \/>Machine \u00e0 laver, aspirateur, table et fer \u00e0 repasser, \u00e9tendoir &amp; pinces \u00e0 linge.<\/p><p>Le c\u00f4t\u00e9 salon comprend une table en bois , 4 chaises, un canap\u00e9,\u00a0 TV \u00e9cran plat 82 cm.<\/p><p>La chambre s\u00e9par\u00e9e comprend deux lit de 90 \u00e9lectriques accol\u00e9s (s\u00e9parables).<br \/>La salle d&rsquo;eau\/WC : douche avec bac receveur enti\u00e8rement neuf, WC, lavabo et placard, grand miroir.<\/p><p><strong>Classement 2 \u00e9toiles.<\/strong><\/p>\t\t\t\t\t\t\t\t<\/div>\n\t\t\t\t<\/div>\n\t\t\t\t\t<\/div>\n\t\t\t\t<\/div>\n\t\t\t\t<\/div>\n\t\t","protected":false},"excerpt":{"rendered":"<p>Appartement meubl\u00e9 Appartement T1bis de 36 m2 en RDC, situ\u00e9 \u00e0 5 min \u00e0 pied des Thermes,&nbsp;\u00e0 5 min de la Place Colbert et des commerces, avec entr\u00e9e s\u00e9curis\u00e9, portier. Cet appartement est tr\u00e8s agr\u00e9able \u00e0 vivre et tr\u00e8s lumineux (exposition ouest), avec double vitrage et volets anciens en bois, WIFI. Il comprend : une &hellip;<\/p>\n<p class=\"read-more\"> <a class=\"\" href=\"https:\/\/rochefortcuristes.fr\/index.php\/photos\/\"> <span class=\"screen-reader-text\">Photos<\/span> Lire la suite\u00a0\u00bb<\/a><\/p>\n","protected":false},"author":1,"featured_media":0,"parent":0,"menu_order":0,"comment_status":"closed","ping_status":"closed","template":"","meta":{"site-sidebar-layout":"no-sidebar","site-content-layout":"page-builder","ast-global-header-display":"","ast-banner-title-visibility":"","ast-main-header-display":"","ast-hfb-above-header-display":"","ast-hfb-below-header-display":"","ast-hfb-mobile-header-display":"","site-post-title":"disabled","ast-breadcrumbs-content":"","ast-featured-img":"disabled","footer-sml-layout":"","theme-transparent-header-meta":"","adv-header-id-meta":"","stick-header-meta":"","header-above-stick-meta":"","header-main-stick-meta":"","header-below-stick-meta":"","footnotes":""},"class_list":["post-14","page","type-page","status-publish","hentry"],"yoast_head":"<!-- This site is optimized with the Yoast SEO plugin v27.3 - https:\/\/yoast.com\/product\/yoast-seo-wordpress\/ -->\n<title>Photos - www.rochefortcuristes.fr - Appartement - Rochefort<\/title>\n<meta name=\"description\" content=\"Vous trouverez ici des Photos de mon appartement situ\u00e9 \u00e0 Rochefort 17300 - proche des cures thermales de Rochefort - www.rochefortcuristes.fr\" \/>\n<meta name=\"robots\" content=\"index, follow, max-snippet:-1, max-image-preview:large, max-video-preview:-1\" \/>\n<link rel=\"canonical\" href=\"https:\/\/rochefortcuristes.fr\/index.php\/photos\/\" \/>\n<meta property=\"og:locale\" content=\"fr_FR\" \/>\n<meta property=\"og:type\" content=\"article\" \/>\n<meta property=\"og:title\" content=\"Photos - www.rochefortcuristes.fr - Appartement - Rochefort\" \/>\n<meta property=\"og:description\" content=\"Vous trouverez ici des Photos de mon appartement situ\u00e9 \u00e0 Rochefort 17300 - proche des cures thermales de Rochefort - www.rochefortcuristes.fr\" \/>\n<meta property=\"og:url\" content=\"https:\/\/rochefortcuristes.fr\/index.php\/photos\/\" \/>\n<meta property=\"og:site_name\" content=\"www.rochefortcuristes.fr\" \/>\n<meta property=\"article:modified_time\" content=\"2024-10-27T11:23:40+00:00\" \/>\n<meta name=\"twitter:card\" content=\"summary_large_image\" \/>\n<meta name=\"twitter:label1\" content=\"Dur\u00e9e de lecture estim\u00e9e\" \/>\n\t<meta name=\"twitter:data1\" content=\"1 minute\" \/>\n<script type=\"application\/ld+json\" class=\"yoast-schema-graph\">{\"@context\":\"https:\\\/\\\/schema.org\",\"@graph\":[{\"@type\":\"WebPage\",\"@id\":\"https:\\\/\\\/rochefortcuristes.fr\\\/index.php\\\/photos\\\/\",\"url\":\"https:\\\/\\\/rochefortcuristes.fr\\\/index.php\\\/photos\\\/\",\"name\":\"Photos - www.rochefortcuristes.fr - Appartement - Rochefort\",\"isPartOf\":{\"@id\":\"https:\\\/\\\/rochefortcuristes.fr\\\/#website\"},\"datePublished\":\"2023-03-27T17:11:32+00:00\",\"dateModified\":\"2024-10-27T11:23:40+00:00\",\"description\":\"Vous trouverez ici des Photos de mon appartement situ\u00e9 \u00e0 Rochefort 17300 - proche des cures thermales de Rochefort - www.rochefortcuristes.fr\",\"breadcrumb\":{\"@id\":\"https:\\\/\\\/rochefortcuristes.fr\\\/index.php\\\/photos\\\/#breadcrumb\"},\"inLanguage\":\"fr-FR\",\"potentialAction\":[{\"@type\":\"ReadAction\",\"target\":[\"https:\\\/\\\/rochefortcuristes.fr\\\/index.php\\\/photos\\\/\"]}]},{\"@type\":\"BreadcrumbList\",\"@id\":\"https:\\\/\\\/rochefortcuristes.fr\\\/index.php\\\/photos\\\/#breadcrumb\",\"itemListElement\":[{\"@type\":\"ListItem\",\"position\":1,\"name\":\"Home\",\"item\":\"https:\\\/\\\/rochefortcuristes.fr\\\/\"},{\"@type\":\"ListItem\",\"position\":2,\"name\":\"Photos\"}]},{\"@type\":\"WebSite\",\"@id\":\"https:\\\/\\\/rochefortcuristes.fr\\\/#website\",\"url\":\"https:\\\/\\\/rochefortcuristes.fr\\\/\",\"name\":\"www.rochefortcuristes.fr\",\"description\":\"Location d&#039;appartement pour curistes\",\"potentialAction\":[{\"@type\":\"SearchAction\",\"target\":{\"@type\":\"EntryPoint\",\"urlTemplate\":\"https:\\\/\\\/rochefortcuristes.fr\\\/?s={search_term_string}\"},\"query-input\":{\"@type\":\"PropertyValueSpecification\",\"valueRequired\":true,\"valueName\":\"search_term_string\"}}],\"inLanguage\":\"fr-FR\"}]}<\/script>\n<!-- \/ Yoast SEO plugin. -->","yoast_head_json":{"title":"Photos - www.rochefortcuristes.fr - Appartement - Rochefort","description":"Vous trouverez ici des Photos de mon appartement situ\u00e9 \u00e0 Rochefort 17300 - proche des cures thermales de Rochefort - www.rochefortcuristes.fr","robots":{"index":"index","follow":"follow","max-snippet":"max-snippet:-1","max-image-preview":"max-image-preview:large","max-video-preview":"max-video-preview:-1"},"canonical":"https:\/\/rochefortcuristes.fr\/index.php\/photos\/","og_locale":"fr_FR","og_type":"article","og_title":"Photos - www.rochefortcuristes.fr - Appartement - Rochefort","og_description":"Vous trouverez ici des Photos de mon appartement situ\u00e9 \u00e0 Rochefort 17300 - proche des cures thermales de Rochefort - www.rochefortcuristes.fr","og_url":"https:\/\/rochefortcuristes.fr\/index.php\/photos\/","og_site_name":"www.rochefortcuristes.fr","article_modified_time":"2024-10-27T11:23:40+00:00","twitter_card":"summary_large_image","twitter_misc":{"Dur\u00e9e de lecture estim\u00e9e":"1 minute"},"schema":{"@context":"https:\/\/schema.org","@graph":[{"@type":"WebPage","@id":"https:\/\/rochefortcuristes.fr\/index.php\/photos\/","url":"https:\/\/rochefortcuristes.fr\/index.php\/photos\/","name":"Photos - www.rochefortcuristes.fr - Appartement - Rochefort","isPartOf":{"@id":"https:\/\/rochefortcuristes.fr\/#website"},"datePublished":"2023-03-27T17:11:32+00:00","dateModified":"2024-10-27T11:23:40+00:00","description":"Vous trouverez ici des Photos de mon appartement situ\u00e9 \u00e0 Rochefort 17300 - proche des cures thermales de Rochefort - www.rochefortcuristes.fr","breadcrumb":{"@id":"https:\/\/rochefortcuristes.fr\/index.php\/photos\/#breadcrumb"},"inLanguage":"fr-FR","potentialAction":[{"@type":"ReadAction","target":["https:\/\/rochefortcuristes.fr\/index.php\/photos\/"]}]},{"@type":"BreadcrumbList","@id":"https:\/\/rochefortcuristes.fr\/index.php\/photos\/#breadcrumb","itemListElement":[{"@type":"ListItem","position":1,"name":"Home","item":"https:\/\/rochefortcuristes.fr\/"},{"@type":"ListItem","position":2,"name":"Photos"}]},{"@type":"WebSite","@id":"https:\/\/rochefortcuristes.fr\/#website","url":"https:\/\/rochefortcuristes.fr\/","name":"www.rochefortcuristes.fr","description":"Location d&#039;appartement pour curistes","potentialAction":[{"@type":"SearchAction","target":{"@type":"EntryPoint","urlTemplate":"https:\/\/rochefortcuristes.fr\/?s={search_term_string}"},"query-input":{"@type":"PropertyValueSpecification","valueRequired":true,"valueName":"search_term_string"}}],"inLanguage":"fr-FR"}]}},"_links":{"self":[{"href":"https:\/\/rochefortcuristes.fr\/index.php\/wp-json\/wp\/v2\/pages\/14","targetHints":{"allow":["GET"]}}],"collection":[{"href":"https:\/\/rochefortcuristes.fr\/index.php\/wp-json\/wp\/v2\/pages"}],"about":[{"href":"https:\/\/rochefortcuristes.fr\/index.php\/wp-json\/wp\/v2\/types\/page"}],"author":[{"embeddable":true,"href":"https:\/\/rochefortcuristes.fr\/index.php\/wp-json\/wp\/v2\/users\/1"}],"replies":[{"embeddable":true,"href":"https:\/\/rochefortcuristes.fr\/index.php\/wp-json\/wp\/v2\/comments?post=14"}],"version-history":[{"count":57,"href":"https:\/\/rochefortcuristes.fr\/index.php\/wp-json\/wp\/v2\/pages\/14\/revisions"}],"predecessor-version":[{"id":684,"href":"https:\/\/rochefortcuristes.fr\/index.php\/wp-json\/wp\/v2\/pages\/14\/revisions\/684"}],"wp:attachment":[{"href":"https:\/\/rochefortcuristes.fr\/index.php\/wp-json\/wp\/v2\/media?parent=14"}],"curies":[{"name":"wp","href":"https:\/\/api.w.org\/{rel}","templated":true}]}}