{"id":39,"date":"2023-04-01T19:27:15","date_gmt":"2023-04-01T17:27:15","guid":{"rendered":"https:\/\/rochefortcuristes.fr\/?page_id=39"},"modified":"2025-10-02T21:26:13","modified_gmt":"2025-10-02T19:26:13","slug":"presentation","status":"publish","type":"page","link":"https:\/\/rochefortcuristes.fr\/","title":{"rendered":"Pr\u00e9sentation"},"content":{"rendered":"\t\t<div data-elementor-type=\"wp-page\" data-elementor-id=\"39\" class=\"elementor elementor-39\" data-elementor-post-type=\"page\">\n\t\t\t\t<div class=\"elementor-element elementor-element-76c2fce e-flex e-con-boxed e-con e-parent\" data-id=\"76c2fce\" data-element_type=\"container\">\n\t\t\t\t\t<div class=\"e-con-inner\">\n\t\t\t\t<div class=\"elementor-element elementor-element-7a52d2f elementor--h-position-center elementor--v-position-middle elementor-arrows-position-inside elementor-pagination-position-inside elementor-widget elementor-widget-slides\" data-id=\"7a52d2f\" data-element_type=\"widget\" data-settings=\"{&quot;autoplay_speed&quot;:2000,&quot;navigation&quot;:&quot;both&quot;,&quot;autoplay&quot;:&quot;yes&quot;,&quot;pause_on_hover&quot;:&quot;yes&quot;,&quot;pause_on_interaction&quot;:&quot;yes&quot;,&quot;infinite&quot;:&quot;yes&quot;,&quot;transition&quot;:&quot;slide&quot;,&quot;transition_speed&quot;:500}\" data-widget_type=\"slides.default\">\n\t\t\t\t<div class=\"elementor-widget-container\">\n\t\t\t\t\t\t\t\t\t<div class=\"elementor-swiper\">\n\t\t\t\t\t<div class=\"elementor-slides-wrapper elementor-main-swiper swiper\" role=\"region\" aria-roledescription=\"carousel\" aria-label=\"Slides\" dir=\"ltr\" data-animation=\"fadeInUp\">\n\t\t\t\t<div class=\"swiper-wrapper elementor-slides\">\n\t\t\t\t\t\t\t\t\t\t<div class=\"elementor-repeater-item-95358d1 swiper-slide\" role=\"group\" aria-roledescription=\"slide\"><div class=\"swiper-slide-bg elementor-ken-burns elementor-ken-burns--in\" role=\"img\"><\/div><a class=\"swiper-slide-inner\" href=\"https:\/\/www.thermes-rochefort.com\/la-maison-du-curiste\/\" target=\"_blank\"><div class=\"swiper-slide-contents\"><\/div><\/a><\/div><div class=\"elementor-repeater-item-b7629d8 swiper-slide\" role=\"group\" aria-roledescription=\"slide\"><div class=\"swiper-slide-bg elementor-ken-burns elementor-ken-burns--in\" role=\"img\"><\/div><a class=\"swiper-slide-inner\" href=\"https:\/\/g.co\/kgs\/MDxZymG\"><div class=\"swiper-slide-contents\"><\/div><\/a><\/div><div class=\"elementor-repeater-item-601f7db swiper-slide\" role=\"group\" aria-roledescription=\"slide\"><div class=\"swiper-slide-bg elementor-ken-burns elementor-ken-burns--in\" role=\"img\"><\/div><div class=\"swiper-slide-inner\" ><div class=\"swiper-slide-contents\"><div class=\"elementor-slide-description\">Un appartement chaleureux et lumineux<\/div><\/div><\/div><\/div><div class=\"elementor-repeater-item-bac4edb swiper-slide\" role=\"group\" aria-roledescription=\"slide\"><div class=\"swiper-slide-bg\" role=\"img\"><\/div><a class=\"swiper-slide-inner\" href=\"https:\/\/www.thermes-rochefort.com\/la-station-thermale-de-rochefort\/\" target=\"_blank\"><div class=\"swiper-slide-contents\"><\/div><\/a><\/div><div class=\"elementor-repeater-item-b1ba675 swiper-slide\" role=\"group\" aria-roledescription=\"slide\"><div class=\"swiper-slide-bg\" role=\"img\"><\/div><div class=\"swiper-slide-inner\" ><div class=\"swiper-slide-contents\"><\/div><\/div><\/div><div class=\"elementor-repeater-item-8724464 swiper-slide\" role=\"group\" aria-roledescription=\"slide\"><div class=\"swiper-slide-bg\" role=\"img\"><\/div><div class=\"swiper-slide-inner\" ><div class=\"swiper-slide-contents\"><\/div><\/div><\/div><div class=\"elementor-repeater-item-b1de9ba swiper-slide\" role=\"group\" aria-roledescription=\"slide\"><div class=\"swiper-slide-bg elementor-ken-burns elementor-ken-burns--in\" role=\"img\"><\/div><div class=\"swiper-slide-inner\" ><div class=\"swiper-slide-contents\"><\/div><\/div><\/div>\t\t\t\t<\/div>\n\t\t\t\t\t\t\t\t\t\t\t\t\t\t\t<div class=\"elementor-swiper-button elementor-swiper-button-prev\" role=\"button\" tabindex=\"0\" aria-label=\"Previous slide\">\n\t\t\t\t\t\t\t<i aria-hidden=\"true\" class=\"eicon-chevron-left\"><\/i>\t\t\t\t\t\t<\/div>\n\t\t\t\t\t\t<div class=\"elementor-swiper-button elementor-swiper-button-next\" role=\"button\" tabindex=\"0\" aria-label=\"Next slide\">\n\t\t\t\t\t\t\t<i aria-hidden=\"true\" class=\"eicon-chevron-right\"><\/i>\t\t\t\t\t\t<\/div>\n\t\t\t\t\t\t\t\t\t\t\t\t\t\t\t\t<div class=\"swiper-pagination\"><\/div>\n\t\t\t\t\t\t\t\t\t\t\t\t<\/div>\n\t\t\t\t<\/div>\n\t\t\t\t\t\t\t\t<\/div>\n\t\t\t\t<\/div>\n\t\t\t\t\t<\/div>\n\t\t\t\t<\/div>\n\t\t<div class=\"elementor-element elementor-element-4ee93eb e-flex e-con-boxed e-con e-parent\" data-id=\"4ee93eb\" data-element_type=\"container\">\n\t\t\t\t\t<div class=\"e-con-inner\">\n\t\t\t\t<div class=\"elementor-element elementor-element-7b1dee2 elementor-widget-divider--view-line_icon elementor-view-default elementor-widget-divider--element-align-center elementor-widget elementor-widget-divider\" data-id=\"7b1dee2\" data-element_type=\"widget\" data-widget_type=\"divider.default\">\n\t\t\t\t<div class=\"elementor-widget-container\">\n\t\t\t\t\t\t\t<div class=\"elementor-divider\">\n\t\t\t<span class=\"elementor-divider-separator\">\n\t\t\t\t\t\t\t<div class=\"elementor-icon elementor-divider__element\">\n\t\t\t\t\t<i aria-hidden=\"true\" class=\"fas fa-star\"><\/i><\/div>\n\t\t\t\t\t\t<\/span>\n\t\t<\/div>\n\t\t\t\t\t\t<\/div>\n\t\t\t\t<\/div>\n\t\t\t\t\t<\/div>\n\t\t\t\t<\/div>\n\t\t<div class=\"elementor-element elementor-element-404e1cd e-flex e-con-boxed e-con e-parent\" data-id=\"404e1cd\" data-element_type=\"container\">\n\t\t\t\t\t<div class=\"e-con-inner\">\n\t\t\t\t<div class=\"elementor-element elementor-element-fc608bb elementor-widget elementor-widget-text-editor\" data-id=\"fc608bb\" data-element_type=\"widget\" data-widget_type=\"text-editor.default\">\n\t\t\t\t<div class=\"elementor-widget-container\">\n\t\t\t\t\t\t\t\t\t<h1><strong>Un appartement \u00e0 5 minutes des thermes<\/strong><\/h1>\t\t\t\t\t\t\t\t<\/div>\n\t\t\t\t<\/div>\n\t\t\t\t\t<\/div>\n\t\t\t\t<\/div>\n\t\t<div class=\"elementor-element elementor-element-22dd658 e-flex e-con-boxed e-con e-parent\" data-id=\"22dd658\" data-element_type=\"container\">\n\t\t\t\t\t<div class=\"e-con-inner\">\n\t\t\t\t<div class=\"elementor-element elementor-element-11a4bbf elementor-widget-divider--view-line_icon elementor-view-default elementor-widget-divider--element-align-center elementor-widget elementor-widget-divider\" data-id=\"11a4bbf\" data-element_type=\"widget\" data-widget_type=\"divider.default\">\n\t\t\t\t<div class=\"elementor-widget-container\">\n\t\t\t\t\t\t\t<div class=\"elementor-divider\">\n\t\t\t<span class=\"elementor-divider-separator\">\n\t\t\t\t\t\t\t<div class=\"elementor-icon elementor-divider__element\">\n\t\t\t\t\t<i aria-hidden=\"true\" class=\"fas fa-star\"><\/i><\/div>\n\t\t\t\t\t\t<\/span>\n\t\t<\/div>\n\t\t\t\t\t\t<\/div>\n\t\t\t\t<\/div>\n\t\t\t\t\t<\/div>\n\t\t\t\t<\/div>\n\t\t<div class=\"elementor-element elementor-element-ea1af4b e-flex e-con-boxed e-con e-parent\" data-id=\"ea1af4b\" data-element_type=\"container\">\n\t\t\t\t\t<div class=\"e-con-inner\">\n\t\t\t\t<div class=\"elementor-element elementor-element-94023a4 elementor-widget elementor-widget-text-editor\" data-id=\"94023a4\" data-element_type=\"widget\" data-widget_type=\"text-editor.default\">\n\t\t\t\t<div class=\"elementor-widget-container\">\n\t\t\t\t\t\t\t\t\t<p>Vous avez r\u00e9serv\u00e9 une cure aux <a href=\"https:\/\/www.thermes-rochefort.com\/\" target=\"_blank\" rel=\"noopener\"><strong>thermes de Rochefort 17300<\/strong><\/a>, alors n&rsquo;h\u00e9sitez pas \u00e0 vous arr\u00eater dans notre appartement situ\u00e9 \u00e0 <strong>5 minutes \u00e0 pied des thermes<\/strong>.<\/p><p>Cet appartement est meubl\u00e9 et \u00e9quip\u00e9 de tout ce dont vous avez besoin (Lave-linge, cafeti\u00e8re, micro-onde, four gille, t\u00e9l\u00e9vision, acc\u00e8s internet, table et fer \u00e0 repasser et une salle de bain r\u00e9nov\u00e9e).<\/p><p>Alors contactez nous pour connaitre les disponibilit\u00e9s ou effectuez directement une pr\u00e9-r\u00e9servation et nous ne manquerons pas de revenir vers vous.\u00a0<\/p><p>Pour plus d&rsquo;informations sur les cures et tarifs n&rsquo;h\u00e9sitez pas \u00e0 vous rendre directement sur le site en cliquant <a href=\"https:\/\/www.thermes-rochefort.com\/cures-conventionnees-18-jours\/\" target=\"_blank\" rel=\"noopener\">ICI<\/a>.<\/p>\t\t\t\t\t\t\t\t<\/div>\n\t\t\t\t<\/div>\n\t\t\t\t\t<\/div>\n\t\t\t\t<\/div>\n\t\t<div class=\"elementor-element elementor-element-e20cce7 e-flex e-con-boxed e-con e-parent\" data-id=\"e20cce7\" data-element_type=\"container\">\n\t\t\t\t\t<div class=\"e-con-inner\">\n\t\t\t\t<div class=\"elementor-element elementor-element-2ec7328 elementor-widget-divider--view-line_icon elementor-view-default elementor-widget-divider--element-align-center elementor-widget elementor-widget-divider\" data-id=\"2ec7328\" data-element_type=\"widget\" data-widget_type=\"divider.default\">\n\t\t\t\t<div class=\"elementor-widget-container\">\n\t\t\t\t\t\t\t<div class=\"elementor-divider\">\n\t\t\t<span class=\"elementor-divider-separator\">\n\t\t\t\t\t\t\t<div class=\"elementor-icon elementor-divider__element\">\n\t\t\t\t\t<i aria-hidden=\"true\" class=\"fas fa-star\"><\/i><\/div>\n\t\t\t\t\t\t<\/span>\n\t\t<\/div>\n\t\t\t\t\t\t<\/div>\n\t\t\t\t<\/div>\n\t\t\t\t\t<\/div>\n\t\t\t\t<\/div>\n\t\t\t\t<\/div>\n\t\t","protected":false},"excerpt":{"rendered":"<p>Un appartement chaleureux et lumineux Previous slide Next slide Un appartement \u00e0 5 minutes des thermes Vous avez r\u00e9serv\u00e9 une cure aux thermes de Rochefort 17300, alors n&rsquo;h\u00e9sitez pas \u00e0 vous arr\u00eater dans notre appartement situ\u00e9 \u00e0 5 minutes \u00e0 pied des thermes. Cet appartement est meubl\u00e9 et \u00e9quip\u00e9 de tout ce dont vous avez &hellip;<\/p>\n<p class=\"read-more\"> <a class=\"\" href=\"https:\/\/rochefortcuristes.fr\/\"> <span class=\"screen-reader-text\">Pr\u00e9sentation<\/span> Lire la suite\u00a0\u00bb<\/a><\/p>\n","protected":false},"author":1,"featured_media":0,"parent":0,"menu_order":0,"comment_status":"closed","ping_status":"closed","template":"","meta":{"site-sidebar-layout":"no-sidebar","site-content-layout":"page-builder","ast-global-header-display":"","ast-banner-title-visibility":"","ast-main-header-display":"","ast-hfb-above-header-display":"","ast-hfb-below-header-display":"","ast-hfb-mobile-header-display":"","site-post-title":"disabled","ast-breadcrumbs-content":"","ast-featured-img":"disabled","footer-sml-layout":"","theme-transparent-header-meta":"","adv-header-id-meta":"","stick-header-meta":"","header-above-stick-meta":"","header-main-stick-meta":"","header-below-stick-meta":"","footnotes":""},"class_list":["post-39","page","type-page","status-publish","hentry"],"yoast_head":"<!-- This site is optimized with the Yoast SEO plugin v27.3 - https:\/\/yoast.com\/product\/yoast-seo-wordpress\/ -->\n<title>Pr\u00e9sentation - www.rochefortcuristes.fr - curistes - location<\/title>\n<meta name=\"description\" content=\"Appartement proche des cures, id\u00e9ale pour personnes d\u00e9sirant s\u00e9journer \u00e0 Rochefort et profiter d&#039;une cure thermale. www.rochefortcuristes.fr\" \/>\n<meta name=\"robots\" content=\"index, follow, max-snippet:-1, max-image-preview:large, max-video-preview:-1\" \/>\n<link rel=\"canonical\" href=\"https:\/\/rochefortcuristes.fr\/\" \/>\n<meta property=\"og:locale\" content=\"fr_FR\" \/>\n<meta property=\"og:type\" content=\"article\" \/>\n<meta property=\"og:title\" content=\"Pr\u00e9sentation - www.rochefortcuristes.fr - curistes - location\" \/>\n<meta property=\"og:description\" content=\"Appartement proche des cures, id\u00e9ale pour personnes d\u00e9sirant s\u00e9journer \u00e0 Rochefort et profiter d&#039;une cure thermale. www.rochefortcuristes.fr\" \/>\n<meta property=\"og:url\" content=\"https:\/\/rochefortcuristes.fr\/\" \/>\n<meta property=\"og:site_name\" content=\"www.rochefortcuristes.fr\" \/>\n<meta property=\"article:modified_time\" content=\"2025-10-02T19:26:13+00:00\" \/>\n<meta property=\"og:image\" content=\"https:\/\/rochefortcuristes.fr\/wp-content\/uploads\/2023\/04\/GOPR0077.webp\" \/>\n\t<meta property=\"og:image:width\" content=\"1000\" \/>\n\t<meta property=\"og:image:height\" content=\"750\" \/>\n\t<meta property=\"og:image:type\" content=\"image\/webp\" \/>\n<meta name=\"twitter:card\" content=\"summary_large_image\" \/>\n<meta name=\"twitter:label1\" content=\"Dur\u00e9e de lecture estim\u00e9e\" \/>\n\t<meta name=\"twitter:data1\" content=\"1 minute\" \/>\n<script type=\"application\/ld+json\" class=\"yoast-schema-graph\">{\"@context\":\"https:\\\/\\\/schema.org\",\"@graph\":[{\"@type\":\"WebPage\",\"@id\":\"https:\\\/\\\/rochefortcuristes.fr\\\/\",\"url\":\"https:\\\/\\\/rochefortcuristes.fr\\\/\",\"name\":\"Pr\u00e9sentation - www.rochefortcuristes.fr - curistes - location\",\"isPartOf\":{\"@id\":\"https:\\\/\\\/rochefortcuristes.fr\\\/#website\"},\"datePublished\":\"2023-04-01T17:27:15+00:00\",\"dateModified\":\"2025-10-02T19:26:13+00:00\",\"description\":\"Appartement proche des cures, id\u00e9ale pour personnes d\u00e9sirant s\u00e9journer \u00e0 Rochefort et profiter d'une cure thermale. www.rochefortcuristes.fr\",\"breadcrumb\":{\"@id\":\"https:\\\/\\\/rochefortcuristes.fr\\\/#breadcrumb\"},\"inLanguage\":\"fr-FR\",\"potentialAction\":[{\"@type\":\"ReadAction\",\"target\":[\"https:\\\/\\\/rochefortcuristes.fr\\\/\"]}]},{\"@type\":\"BreadcrumbList\",\"@id\":\"https:\\\/\\\/rochefortcuristes.fr\\\/#breadcrumb\",\"itemListElement\":[{\"@type\":\"ListItem\",\"position\":1,\"name\":\"Home\",\"item\":\"https:\\\/\\\/rochefortcuristes.fr\\\/\"},{\"@type\":\"ListItem\",\"position\":2,\"name\":\"Pr\u00e9sentation\"}]},{\"@type\":\"WebSite\",\"@id\":\"https:\\\/\\\/rochefortcuristes.fr\\\/#website\",\"url\":\"https:\\\/\\\/rochefortcuristes.fr\\\/\",\"name\":\"www.rochefortcuristes.fr\",\"description\":\"Location d&#039;appartement pour curistes\",\"potentialAction\":[{\"@type\":\"SearchAction\",\"target\":{\"@type\":\"EntryPoint\",\"urlTemplate\":\"https:\\\/\\\/rochefortcuristes.fr\\\/?s={search_term_string}\"},\"query-input\":{\"@type\":\"PropertyValueSpecification\",\"valueRequired\":true,\"valueName\":\"search_term_string\"}}],\"inLanguage\":\"fr-FR\"}]}<\/script>\n<!-- \/ Yoast SEO plugin. -->","yoast_head_json":{"title":"Pr\u00e9sentation - www.rochefortcuristes.fr - curistes - location","description":"Appartement proche des cures, id\u00e9ale pour personnes d\u00e9sirant s\u00e9journer \u00e0 Rochefort et profiter d'une cure thermale. www.rochefortcuristes.fr","robots":{"index":"index","follow":"follow","max-snippet":"max-snippet:-1","max-image-preview":"max-image-preview:large","max-video-preview":"max-video-preview:-1"},"canonical":"https:\/\/rochefortcuristes.fr\/","og_locale":"fr_FR","og_type":"article","og_title":"Pr\u00e9sentation - www.rochefortcuristes.fr - curistes - location","og_description":"Appartement proche des cures, id\u00e9ale pour personnes d\u00e9sirant s\u00e9journer \u00e0 Rochefort et profiter d'une cure thermale. www.rochefortcuristes.fr","og_url":"https:\/\/rochefortcuristes.fr\/","og_site_name":"www.rochefortcuristes.fr","article_modified_time":"2025-10-02T19:26:13+00:00","og_image":[{"width":1000,"height":750,"url":"https:\/\/rochefortcuristes.fr\/wp-content\/uploads\/2023\/04\/GOPR0077.webp","type":"image\/webp"}],"twitter_card":"summary_large_image","twitter_misc":{"Dur\u00e9e de lecture estim\u00e9e":"1 minute"},"schema":{"@context":"https:\/\/schema.org","@graph":[{"@type":"WebPage","@id":"https:\/\/rochefortcuristes.fr\/","url":"https:\/\/rochefortcuristes.fr\/","name":"Pr\u00e9sentation - www.rochefortcuristes.fr - curistes - location","isPartOf":{"@id":"https:\/\/rochefortcuristes.fr\/#website"},"datePublished":"2023-04-01T17:27:15+00:00","dateModified":"2025-10-02T19:26:13+00:00","description":"Appartement proche des cures, id\u00e9ale pour personnes d\u00e9sirant s\u00e9journer \u00e0 Rochefort et profiter d'une cure thermale. www.rochefortcuristes.fr","breadcrumb":{"@id":"https:\/\/rochefortcuristes.fr\/#breadcrumb"},"inLanguage":"fr-FR","potentialAction":[{"@type":"ReadAction","target":["https:\/\/rochefortcuristes.fr\/"]}]},{"@type":"BreadcrumbList","@id":"https:\/\/rochefortcuristes.fr\/#breadcrumb","itemListElement":[{"@type":"ListItem","position":1,"name":"Home","item":"https:\/\/rochefortcuristes.fr\/"},{"@type":"ListItem","position":2,"name":"Pr\u00e9sentation"}]},{"@type":"WebSite","@id":"https:\/\/rochefortcuristes.fr\/#website","url":"https:\/\/rochefortcuristes.fr\/","name":"www.rochefortcuristes.fr","description":"Location d&#039;appartement pour curistes","potentialAction":[{"@type":"SearchAction","target":{"@type":"EntryPoint","urlTemplate":"https:\/\/rochefortcuristes.fr\/?s={search_term_string}"},"query-input":{"@type":"PropertyValueSpecification","valueRequired":true,"valueName":"search_term_string"}}],"inLanguage":"fr-FR"}]}},"_links":{"self":[{"href":"https:\/\/rochefortcuristes.fr\/index.php\/wp-json\/wp\/v2\/pages\/39","targetHints":{"allow":["GET"]}}],"collection":[{"href":"https:\/\/rochefortcuristes.fr\/index.php\/wp-json\/wp\/v2\/pages"}],"about":[{"href":"https:\/\/rochefortcuristes.fr\/index.php\/wp-json\/wp\/v2\/types\/page"}],"author":[{"embeddable":true,"href":"https:\/\/rochefortcuristes.fr\/index.php\/wp-json\/wp\/v2\/users\/1"}],"replies":[{"embeddable":true,"href":"https:\/\/rochefortcuristes.fr\/index.php\/wp-json\/wp\/v2\/comments?post=39"}],"version-history":[{"count":226,"href":"https:\/\/rochefortcuristes.fr\/index.php\/wp-json\/wp\/v2\/pages\/39\/revisions"}],"predecessor-version":[{"id":689,"href":"https:\/\/rochefortcuristes.fr\/index.php\/wp-json\/wp\/v2\/pages\/39\/revisions\/689"}],"wp:attachment":[{"href":"https:\/\/rochefortcuristes.fr\/index.php\/wp-json\/wp\/v2\/media?parent=39"}],"curies":[{"name":"wp","href":"https:\/\/api.w.org\/{rel}","templated":true}]}}